{"id":64,"date":"2022-07-27T15:10:43","date_gmt":"2022-07-27T15:10:43","guid":{"rendered":"https:\/\/bfandino.com\/?page_id=64"},"modified":"2023-05-15T12:51:23","modified_gmt":"2023-05-15T11:51:23","slug":"nosotros","status":"publish","type":"page","link":"https:\/\/bfandino.com\/en\/nosotros\/","title":{"rendered":"About us"},"content":{"rendered":"<div class=\"fusion-fullwidth fullwidth-box fusion-builder-row-1 fusion-flex-container has-pattern-background has-mask-background nonhundred-percent-fullwidth non-hundred-percent-height-scrolling\" style=\"--link_hover_color: var(--awb-color5);--link_color: var(--awb-color5);--awb-background-position:right top;--awb-background-blend-mode:overlay;--awb-border-color:var(--awb-color1);--awb-border-radius-top-left:0px;--awb-border-radius-top-right:0px;--awb-border-radius-bottom-right:0px;--awb-border-radius-bottom-left:0px;--awb-padding-top:120px;--awb-padding-bottom:120px;--awb-padding-top-medium:0px;--awb-padding-bottom-medium:90px;--awb-padding-top-small:0px;--awb-padding-bottom-small:80px;--awb-margin-bottom-medium:0px;--awb-background-color:var(--awb-color1);\" ><div class=\"fusion-builder-row fusion-row fusion-flex-align-items-center\" style=\"max-width:1248px;margin-left: calc(-4% \/ 2 );margin-right: calc(-4% \/ 2 );\"><div class=\"fusion-layout-column fusion_builder_column fusion-builder-column-0 fusion-flex-column fusion-animated\" style=\"--awb-padding-bottom-medium:0px;--awb-bg-size:cover;--awb-width-large:48%;--awb-margin-top-large:0px;--awb-spacing-right-large:55px;--awb-margin-bottom-large:0px;--awb-spacing-left-large:4%;--awb-width-medium:50%;--awb-order-medium:0;--awb-spacing-right-medium:55px;--awb-spacing-left-medium:20px;--awb-width-small:100%;--awb-order-small:1;--awb-spacing-right-small:55px;--awb-spacing-left-small:20px;\" data-animationtype=\"fadeInLeft\" data-animationduration=\"1.3\" data-animationoffset=\"top-into-view\"><div class=\"fusion-column-wrapper fusion-column-has-shadow fusion-flex-justify-content-flex-start fusion-content-layout-column\"><div class=\"fusion-title title fusion-title-1 fusion-sep-none fusion-title-text fusion-title-size-div\" style=\"--awb-text-color:var(--awb-color1);--awb-margin-top:0px;--awb-margin-right:30px;--awb-margin-right-small:30px;--awb-font-size:var(--awb-typography5-font-size);\"><div class=\"title-heading-left title-heading-tag\" style=\"font-family:var(--awb-typography5-font-family);font-weight:var(--awb-typography5-font-weight);font-style:var(--awb-typography5-font-style);margin:0;font-size:1em;letter-spacing:var(--awb-typography5-letter-spacing);text-transform:var(--awb-typography5-text-transform);line-height:var(--awb-typography5-line-height);\"><span class=\"fusion-highlight custom-textcolor highlight1 awb-highlight-background\" style=\"--awb-color:var(--awb-color2);--awb-text-color:var(--awb-color8);\">Professional team<\/span><\/div><\/div><div class=\"fusion-title title fusion-title-2 fusion-sep-none fusion-title-text fusion-title-size-two\" style=\"--awb-margin-bottom:30px;\"><h2 class=\"title-heading-left\" style=\"margin:0;\">Construction materials specialists<\/h2><\/div><div class=\"fusion-text fusion-text-1 fusion-text-no-margin\" style=\"--awb-margin-bottom:10px;\"><p>We are a team committed to our clients and we will be happy to advise you on the choice of your new bathroom or kitchen.<\/p>\n<p>We have been offering solutions in construction materials and hardware for more than 20 years, which is why we have extensive experience in all kinds of products for your home.<\/p>\n<\/div><div class=\"fusion-separator fusion-full-width-sep\" style=\"align-self: center;margin-left: auto;margin-right: auto;margin-top:30px;margin-bottom:40px;width:100%;\"><div class=\"fusion-separator-border sep-single sep-solid\" style=\"--awb-height:20px;--awb-amount:20px;border-color:var(--awb-color3);border-top-width:1px;\"><\/div><\/div><div class=\"fusion-builder-row fusion-builder-row-inner fusion-row fusion-flex-align-items-center\" style=\"width:104% !important;max-width:104% !important;margin-left: calc(-4% \/ 2 );margin-right: calc(-4% \/ 2 );\"><div class=\"fusion-layout-column fusion_builder_column_inner fusion-builder-nested-column-0 fusion_builder_column_inner_1_2 1_2 fusion-flex-column\" style=\"--awb-bg-size:cover;--awb-width-large:50%;--awb-margin-top-large:0px;--awb-spacing-right-large:3.84%;--awb-margin-bottom-large:0px;--awb-spacing-left-large:3.84%;--awb-width-medium:50%;--awb-order-medium:0;--awb-spacing-right-medium:3.84%;--awb-spacing-left-medium:3.84%;--awb-width-small:50%;--awb-order-small:0;--awb-spacing-right-small:3.84%;--awb-spacing-left-small:3.84%;\"><div class=\"fusion-column-wrapper fusion-column-has-shadow fusion-flex-justify-content-flex-start fusion-content-layout-column\"><div class=\"fusion-title title fusion-title-3 fusion-sep-none fusion-title-text fusion-title-size-two\" style=\"--awb-margin-top:0px;--awb-margin-bottom:10px;--awb-font-size:60px;\"><h2 class=\"title-heading-left\" style=\"margin:0;font-size:1em;\">50%<\/h2><\/div><div class=\"fusion-title title fusion-title-4 fusion-sep-none fusion-title-text fusion-title-size-six\" style=\"--awb-text-color:var(--awb-color5);--awb-margin-top:0px;--awb-margin-bottom:5px;\"><h6 class=\"title-heading-left awb-gradient-text\" style=\"margin:0;background-color:var(--awb-color5);background-image:linear-gradient(140deg, var(--awb-color5) 0%,hsla(var(--awb-color4-h),calc(var(--awb-color4-s) + 19%),calc(var(--awb-color4-l) - 3%),var(--awb-color4-a)) 100%);\">Experience<\/h6><\/div><\/div><\/div><div class=\"fusion-layout-column fusion_builder_column_inner fusion-builder-nested-column-1 fusion_builder_column_inner_1_2 1_2 fusion-flex-column\" style=\"--awb-bg-size:cover;--awb-width-large:50%;--awb-margin-top-large:0px;--awb-spacing-right-large:3.84%;--awb-margin-bottom-large:0px;--awb-spacing-left-large:3.84%;--awb-width-medium:50%;--awb-order-medium:0;--awb-spacing-right-medium:3.84%;--awb-spacing-left-medium:3.84%;--awb-width-small:50%;--awb-order-small:0;--awb-spacing-right-small:3.84%;--awb-spacing-left-small:3.84%;\"><div class=\"fusion-column-wrapper fusion-column-has-shadow fusion-flex-justify-content-flex-start fusion-content-layout-column\"><div class=\"fusion-title title fusion-title-5 fusion-sep-none fusion-title-text fusion-title-size-two\" style=\"--awb-margin-top:0px;--awb-margin-bottom:10px;--awb-font-size:60px;\"><h2 class=\"title-heading-left\" style=\"margin:0;font-size:1em;\">50%<\/h2><\/div><div class=\"fusion-title title fusion-title-6 fusion-sep-none fusion-title-text fusion-title-size-six\" style=\"--awb-text-color:var(--awb-color5);--awb-margin-top:0px;--awb-margin-bottom:5px;\"><h6 class=\"title-heading-left awb-gradient-text\" style=\"margin:0;background-color:var(--awb-color5);background-image:linear-gradient(140deg, var(--awb-color5) 0%,hsla(var(--awb-color4-h),calc(var(--awb-color4-s) + 19%),calc(var(--awb-color4-l) - 3%),var(--awb-color4-a)) 100%);\">Knowledge<\/h6><\/div><\/div><\/div><\/div><\/div><\/div><div class=\"fusion-layout-column fusion_builder_column fusion-builder-column-1 fusion-flex-column fusion-animated\" style=\"--awb-bg-size:cover;--awb-width-large:52%;--awb-margin-top-large:0px;--awb-spacing-right-large:3.6923076923077%;--awb-margin-bottom-large:0px;--awb-spacing-left-large:72px;--awb-width-medium:50%;--awb-order-medium:0;--awb-spacing-right-medium:70px;--awb-spacing-left-medium:72px;--awb-width-small:100%;--awb-order-small:0;--awb-spacing-right-small:1.92%;--awb-spacing-left-small:1.92%;\" data-animationtype=\"fadeInUp\" data-animationduration=\"0.8\" data-animationoffset=\"top-into-view\"><div class=\"fusion-column-wrapper fusion-column-has-shadow fusion-flex-justify-content-flex-start fusion-content-layout-column\"><div class=\"fusion-image-element\" style=\"--awb-margin-bottom-small:50px;--awb-caption-title-font-family:var(--h2_typography-font-family);--awb-caption-title-font-weight:var(--h2_typography-font-weight);--awb-caption-title-font-style:var(--h2_typography-font-style);--awb-caption-title-size:var(--h2_typography-font-size);--awb-caption-title-transform:var(--h2_typography-text-transform);--awb-caption-title-line-height:var(--h2_typography-line-height);--awb-caption-title-letter-spacing:var(--h2_typography-letter-spacing);\"><span class=\"fusion-imageframe imageframe-none imageframe-1 hover-type-none fusion-animated\" style=\"--awb-animation-color:hsla(var(--awb-color4-h),var(--awb-color4-s),calc(var(--awb-color4-l) + 20%),var(--awb-color4-a));\" data-animationtype=\"revealInLeft\" data-animationduration=\"1.3\" data-animationoffset=\"top-into-view\"><img decoding=\"async\" width=\"530\" height=\"450\" title=\"exposicion\" src=\"https:\/\/bfandino.com\/wp-content\/uploads\/2023\/05\/exposicion.jpg\" data-orig-src=\"https:\/\/bfandino.com\/wp-content\/uploads\/2023\/05\/exposicion.jpg\" alt class=\"lazyload img-responsive wp-image-2408\" srcset=\"data:image\/svg+xml,%3Csvg%20xmlns%3D%27http%3A%2F%2Fwww.w3.org%2F2000%2Fsvg%27%20width%3D%27530%27%20height%3D%27450%27%20viewBox%3D%270%200%20530%20450%27%3E%3Crect%20width%3D%27530%27%20height%3D%27450%27%20fill-opacity%3D%220%22%2F%3E%3C%2Fsvg%3E\" data-srcset=\"https:\/\/bfandino.com\/wp-content\/uploads\/2023\/05\/exposicion-200x170.jpg 200w, https:\/\/bfandino.com\/wp-content\/uploads\/2023\/05\/exposicion-400x340.jpg 400w, https:\/\/bfandino.com\/wp-content\/uploads\/2023\/05\/exposicion.jpg 530w\" data-sizes=\"auto\" data-orig-sizes=\"(max-width: 700px) 100vw, 530px\" \/><\/span><\/div><\/div><\/div><\/div><\/div>","protected":false},"excerpt":{"rendered":"","protected":false},"author":1,"featured_media":500,"parent":0,"menu_order":0,"comment_status":"closed","ping_status":"closed","template":"100-width.php","meta":{"footnotes":""},"class_list":["post-64","page","type-page","status-publish","has-post-thumbnail","hentry"],"yoast_head":"<!-- This site is optimized with the Yoast SEO plugin v25.9 - https:\/\/yoast.com\/wordpress\/plugins\/seo\/ -->\n<title>Nosotros | B.Fandi\u00f1o<\/title>\n<meta name=\"description\" content=\"Somos un equipo comprometido con nuestros clientes y estaremos encantados de asesorarte en la elecci\u00f3n de tu nuevo ba\u00f1o o cocina.\" \/>\n<meta name=\"robots\" content=\"index, follow, max-snippet:-1, max-image-preview:large, max-video-preview:-1\" \/>\n<link rel=\"canonical\" href=\"https:\/\/bfandino.com\/en\/nosotros\/\" \/>\n<meta property=\"og:locale\" content=\"en_GB\" \/>\n<meta property=\"og:type\" content=\"article\" \/>\n<meta property=\"og:title\" content=\"Nosotros | B.Fandi\u00f1o\" \/>\n<meta property=\"og:description\" content=\"Somos un equipo comprometido con nuestros clientes y estaremos encantados de asesorarte en la elecci\u00f3n de tu nuevo ba\u00f1o o cocina.\" \/>\n<meta property=\"og:url\" content=\"https:\/\/bfandino.com\/en\/nosotros\/\" \/>\n<meta property=\"og:site_name\" content=\"B.Fandi\u00f1o\" \/>\n<meta property=\"article:publisher\" content=\"https:\/\/www.facebook.com\/fandino01011915\" \/>\n<meta property=\"article:modified_time\" content=\"2023-05-15T11:51:23+00:00\" \/>\n<meta property=\"og:image\" content=\"https:\/\/bfandino.com\/wp-content\/uploads\/2022\/08\/banner-20.jpg\" \/>\n\t<meta property=\"og:image:width\" content=\"1920\" \/>\n\t<meta property=\"og:image:height\" content=\"1005\" \/>\n\t<meta property=\"og:image:type\" content=\"image\/jpeg\" \/>\n<meta name=\"twitter:card\" content=\"summary_large_image\" \/>\n<meta name=\"twitter:label1\" content=\"Estimated reading time\" \/>\n\t<meta name=\"twitter:data1\" content=\"6 minutes\" \/>\n<script type=\"application\/ld+json\" class=\"yoast-schema-graph\">{\"@context\":\"https:\/\/schema.org\",\"@graph\":[{\"@type\":\"WebPage\",\"@id\":\"https:\/\/bfandino.com\/nosotros\/\",\"url\":\"https:\/\/bfandino.com\/nosotros\/\",\"name\":\"Nosotros | B.Fandi\u00f1o\",\"isPartOf\":{\"@id\":\"https:\/\/bfandino.com\/#website\"},\"primaryImageOfPage\":{\"@id\":\"https:\/\/bfandino.com\/nosotros\/#primaryimage\"},\"image\":{\"@id\":\"https:\/\/bfandino.com\/nosotros\/#primaryimage\"},\"thumbnailUrl\":\"https:\/\/bfandino.com\/wp-content\/uploads\/2022\/08\/banner-20.jpg\",\"datePublished\":\"2022-07-27T15:10:43+00:00\",\"dateModified\":\"2023-05-15T11:51:23+00:00\",\"description\":\"Somos un equipo comprometido con nuestros clientes y estaremos encantados de asesorarte en la elecci\u00f3n de tu nuevo ba\u00f1o o cocina.\",\"breadcrumb\":{\"@id\":\"https:\/\/bfandino.com\/nosotros\/#breadcrumb\"},\"inLanguage\":\"en-GB\",\"potentialAction\":[{\"@type\":\"ReadAction\",\"target\":[\"https:\/\/bfandino.com\/nosotros\/\"]}]},{\"@type\":\"ImageObject\",\"inLanguage\":\"en-GB\",\"@id\":\"https:\/\/bfandino.com\/nosotros\/#primaryimage\",\"url\":\"https:\/\/bfandino.com\/wp-content\/uploads\/2022\/08\/banner-20.jpg\",\"contentUrl\":\"https:\/\/bfandino.com\/wp-content\/uploads\/2022\/08\/banner-20.jpg\",\"width\":1920,\"height\":1005,\"caption\":\"banner-20\"},{\"@type\":\"BreadcrumbList\",\"@id\":\"https:\/\/bfandino.com\/nosotros\/#breadcrumb\",\"itemListElement\":[{\"@type\":\"ListItem\",\"position\":1,\"name\":\"Portada\",\"item\":\"https:\/\/bfandino.com\/\"},{\"@type\":\"ListItem\",\"position\":2,\"name\":\"Nosotros\"}]},{\"@type\":\"WebSite\",\"@id\":\"https:\/\/bfandino.com\/#website\",\"url\":\"https:\/\/bfandino.com\/\",\"name\":\"Fandi\u00f1o | Materiales de Construcci\u00f3n\",\"description\":\"Renovamos tu ba\u00f1o y cocina en Cee, A Coru\u00f1a\",\"publisher\":{\"@id\":\"https:\/\/bfandino.com\/#organization\"},\"potentialAction\":[{\"@type\":\"SearchAction\",\"target\":{\"@type\":\"EntryPoint\",\"urlTemplate\":\"https:\/\/bfandino.com\/?s={search_term_string}\"},\"query-input\":{\"@type\":\"PropertyValueSpecification\",\"valueRequired\":true,\"valueName\":\"search_term_string\"}}],\"inLanguage\":\"en-GB\"},{\"@type\":\"Organization\",\"@id\":\"https:\/\/bfandino.com\/#organization\",\"name\":\"Fandi\u00f1o | Materiales de Construcci\u00f3n\",\"url\":\"https:\/\/bfandino.com\/\",\"logo\":{\"@type\":\"ImageObject\",\"inLanguage\":\"en-GB\",\"@id\":\"https:\/\/bfandino.com\/#\/schema\/logo\/image\/\",\"url\":\"https:\/\/bfandino.com\/wp-content\/uploads\/2023\/04\/logo-bfandino-2x.png\",\"contentUrl\":\"https:\/\/bfandino.com\/wp-content\/uploads\/2023\/04\/logo-bfandino-2x.png\",\"width\":391,\"height\":178,\"caption\":\"Fandi\u00f1o | Materiales de Construcci\u00f3n\"},\"image\":{\"@id\":\"https:\/\/bfandino.com\/#\/schema\/logo\/image\/\"},\"sameAs\":[\"https:\/\/www.facebook.com\/fandino01011915\"]}]}<\/script>\n<!-- \/ Yoast SEO plugin. -->","yoast_head_json":{"title":"Nosotros | B.Fandi\u00f1o","description":"We are a team committed to our clients and we will be happy to advise you on the choice of your new bathroom or kitchen.","robots":{"index":"index","follow":"follow","max-snippet":"max-snippet:-1","max-image-preview":"max-image-preview:large","max-video-preview":"max-video-preview:-1"},"canonical":"https:\/\/bfandino.com\/en\/nosotros\/","og_locale":"en_GB","og_type":"article","og_title":"Nosotros | B.Fandi\u00f1o","og_description":"Somos un equipo comprometido con nuestros clientes y estaremos encantados de asesorarte en la elecci\u00f3n de tu nuevo ba\u00f1o o cocina.","og_url":"https:\/\/bfandino.com\/en\/nosotros\/","og_site_name":"B.Fandi\u00f1o","article_publisher":"https:\/\/www.facebook.com\/fandino01011915","article_modified_time":"2023-05-15T11:51:23+00:00","og_image":[{"width":1920,"height":1005,"url":"https:\/\/bfandino.com\/wp-content\/uploads\/2022\/08\/banner-20.jpg","type":"image\/jpeg"}],"twitter_card":"summary_large_image","twitter_misc":{"Estimated reading time":"6 minutes"},"schema":{"@context":"https:\/\/schema.org","@graph":[{"@type":"WebPage","@id":"https:\/\/bfandino.com\/nosotros\/","url":"https:\/\/bfandino.com\/nosotros\/","name":"Nosotros | B.Fandi\u00f1o","isPartOf":{"@id":"https:\/\/bfandino.com\/#website"},"primaryImageOfPage":{"@id":"https:\/\/bfandino.com\/nosotros\/#primaryimage"},"image":{"@id":"https:\/\/bfandino.com\/nosotros\/#primaryimage"},"thumbnailUrl":"https:\/\/bfandino.com\/wp-content\/uploads\/2022\/08\/banner-20.jpg","datePublished":"2022-07-27T15:10:43+00:00","dateModified":"2023-05-15T11:51:23+00:00","description":"We are a team committed to our clients and we will be happy to advise you on the choice of your new bathroom or kitchen.","breadcrumb":{"@id":"https:\/\/bfandino.com\/nosotros\/#breadcrumb"},"inLanguage":"en-GB","potentialAction":[{"@type":"ReadAction","target":["https:\/\/bfandino.com\/nosotros\/"]}]},{"@type":"ImageObject","inLanguage":"en-GB","@id":"https:\/\/bfandino.com\/nosotros\/#primaryimage","url":"https:\/\/bfandino.com\/wp-content\/uploads\/2022\/08\/banner-20.jpg","contentUrl":"https:\/\/bfandino.com\/wp-content\/uploads\/2022\/08\/banner-20.jpg","width":1920,"height":1005,"caption":"banner-20"},{"@type":"BreadcrumbList","@id":"https:\/\/bfandino.com\/nosotros\/#breadcrumb","itemListElement":[{"@type":"ListItem","position":1,"name":"Portada","item":"https:\/\/bfandino.com\/"},{"@type":"ListItem","position":2,"name":"Nosotros"}]},{"@type":"WebSite","@id":"https:\/\/bfandino.com\/#website","url":"https:\/\/bfandino.com\/","name":"Fandi\u00f1o | Materiales de Construcci\u00f3n","description":"Renovamos tu ba\u00f1o y cocina en Cee, A Coru\u00f1a","publisher":{"@id":"https:\/\/bfandino.com\/#organization"},"potentialAction":[{"@type":"SearchAction","target":{"@type":"EntryPoint","urlTemplate":"https:\/\/bfandino.com\/?s={search_term_string}"},"query-input":{"@type":"PropertyValueSpecification","valueRequired":true,"valueName":"search_term_string"}}],"inLanguage":"en-GB"},{"@type":"Organization","@id":"https:\/\/bfandino.com\/#organization","name":"Fandi\u00f1o | Materiales de Construcci\u00f3n","url":"https:\/\/bfandino.com\/","logo":{"@type":"ImageObject","inLanguage":"en-GB","@id":"https:\/\/bfandino.com\/#\/schema\/logo\/image\/","url":"https:\/\/bfandino.com\/wp-content\/uploads\/2023\/04\/logo-bfandino-2x.png","contentUrl":"https:\/\/bfandino.com\/wp-content\/uploads\/2023\/04\/logo-bfandino-2x.png","width":391,"height":178,"caption":"Fandi\u00f1o | Materiales de Construcci\u00f3n"},"image":{"@id":"https:\/\/bfandino.com\/#\/schema\/logo\/image\/"},"sameAs":["https:\/\/www.facebook.com\/fandino01011915"]}]}},"_links":{"self":[{"href":"https:\/\/bfandino.com\/en\/wp-json\/wp\/v2\/pages\/64","targetHints":{"allow":["GET"]}}],"collection":[{"href":"https:\/\/bfandino.com\/en\/wp-json\/wp\/v2\/pages"}],"about":[{"href":"https:\/\/bfandino.com\/en\/wp-json\/wp\/v2\/types\/page"}],"author":[{"embeddable":true,"href":"https:\/\/bfandino.com\/en\/wp-json\/wp\/v2\/users\/1"}],"replies":[{"embeddable":true,"href":"https:\/\/bfandino.com\/en\/wp-json\/wp\/v2\/comments?post=64"}],"version-history":[{"count":16,"href":"https:\/\/bfandino.com\/en\/wp-json\/wp\/v2\/pages\/64\/revisions"}],"predecessor-version":[{"id":2448,"href":"https:\/\/bfandino.com\/en\/wp-json\/wp\/v2\/pages\/64\/revisions\/2448"}],"wp:featuredmedia":[{"embeddable":true,"href":"https:\/\/bfandino.com\/en\/wp-json\/wp\/v2\/media\/500"}],"wp:attachment":[{"href":"https:\/\/bfandino.com\/en\/wp-json\/wp\/v2\/media?parent=64"}],"curies":[{"name":"wp","href":"https:\/\/api.w.org\/{rel}","templated":true}]}}