{"id":2454,"date":"2023-05-15T12:52:52","date_gmt":"2023-05-15T11:52:52","guid":{"rendered":"https:\/\/bfandino.com\/?page_id=2454"},"modified":"2023-05-15T12:53:12","modified_gmt":"2023-05-15T11:53:12","slug":"aviso-legal","status":"publish","type":"page","link":"https:\/\/bfandino.com\/en\/aviso-legal\/","title":{"rendered":"Legal Warning"},"content":{"rendered":"<div class=\"fusion-fullwidth fullwidth-box fusion-builder-row-1 fusion-flex-container has-pattern-background has-mask-background nonhundred-percent-fullwidth non-hundred-percent-height-scrolling\" style=\"--awb-border-radius-top-left:0px;--awb-border-radius-top-right:0px;--awb-border-radius-bottom-right:0px;--awb-border-radius-bottom-left:0px;\" ><div class=\"fusion-builder-row fusion-row fusion-flex-align-items-flex-start\" style=\"max-width:1248px;margin-left: calc(-4% \/ 2 );margin-right: calc(-4% \/ 2 );\"><div class=\"fusion-layout-column fusion_builder_column fusion-builder-column-0 fusion_builder_column_1_1 1_1 fusion-flex-column\" style=\"--awb-bg-size:cover;--awb-width-large:100%;--awb-margin-top-large:0px;--awb-spacing-right-large:1.92%;--awb-margin-bottom-large:20px;--awb-spacing-left-large:1.92%;--awb-width-medium:100%;--awb-order-medium:0;--awb-spacing-right-medium:1.92%;--awb-spacing-left-medium:1.92%;--awb-width-small:100%;--awb-order-small:0;--awb-spacing-right-small:1.92%;--awb-spacing-left-small:1.92%;\"><div class=\"fusion-column-wrapper fusion-column-has-shadow fusion-flex-justify-content-flex-start fusion-content-layout-column\"><div class=\"fusion-text fusion-text-1\"><p><strong>Informaci\u00f3n General<\/strong><\/p>\n<p>El titular de este sitio web es B.FANDI\u00d1O LADO, S.L., con CIF B70243944 y domicilio sito en Valdepe\u00f1as, 56, 15138 &#8211; Cee (A Coru\u00f1a)<\/p>\n<p>Con \u00e1nimo de que el uso del Sito Web se ajuste a criterios de transparencia, claridad y sencillez, B.FANDI\u00d1O LADO, S.L. informa al usuario que cualquier sugerencia, duda o consulta sobre el presente Aviso Legal o cualquier otro documento informativo del sitio web ser\u00e1 recibida y solucionada contactando con B.FANDI\u00d1O LADO, S.L., a trav\u00e9s de la direcci\u00f3n de correo electr\u00f3nica: info@bfandino.com<\/p>\n<p><strong>Propiedad Intelectual<\/strong><\/p>\n<p>Todos los contenidos que se muestran en el presente sitio web, y en especial dise\u00f1os, textos, im\u00e1genes, logos, iconos, nombres comerciales, marcas o cualquier otra informaci\u00f3n susceptible de utilizaci\u00f3n industrial y\/o comercial est\u00e1n protegidos por los correspondientes derechos de autor, no permitiendo su reproducci\u00f3n, transmisi\u00f3n o registro de informaci\u00f3n salvo autorizaci\u00f3n previa del titular, B.FANDI\u00d1O LADO, S.L.. No obstante, el usuario podr\u00e1 utilizar informaci\u00f3n facilitada para gestionar su pedido y los datos de contacto correspondientes.<\/p>\n<p><strong>Enlaces<\/strong><\/p>\n<p>B.FANDI\u00d1O LADO, S.L. no asume ninguna responsabilidad sobre los enlaces hac\u00eda otros sitios o p\u00e1ginas web que, en su caso, pudieran incluirse en el mismo, ya que no tiene ning\u00fan tipo de control sobre los mismos, por lo que el usuario accede bajo su exclusiva responsabilidad al contenido y en las condiciones de uso que rijan en los mismos.<\/p>\n<\/div><\/div><\/div><\/div><\/div>","protected":false},"excerpt":{"rendered":"","protected":false},"author":1,"featured_media":0,"parent":0,"menu_order":0,"comment_status":"closed","ping_status":"closed","template":"100-width.php","meta":{"footnotes":""},"class_list":["post-2454","page","type-page","status-publish","hentry"],"yoast_head":"<!-- This site is optimized with the Yoast SEO plugin v25.9 - https:\/\/yoast.com\/wordpress\/plugins\/seo\/ -->\n<title>Aviso Legal | B.Fandi\u00f1o<\/title>\n<meta name=\"robots\" content=\"noindex, follow\" \/>\n<meta property=\"og:locale\" content=\"en_GB\" \/>\n<meta property=\"og:type\" content=\"article\" \/>\n<meta property=\"og:title\" content=\"Aviso Legal | B.Fandi\u00f1o\" \/>\n<meta property=\"og:url\" content=\"https:\/\/bfandino.com\/en\/aviso-legal\/\" \/>\n<meta property=\"og:site_name\" content=\"B.Fandi\u00f1o\" \/>\n<meta property=\"article:publisher\" content=\"https:\/\/www.facebook.com\/fandino01011915\" \/>\n<meta property=\"article:modified_time\" content=\"2023-05-15T11:53:12+00:00\" \/>\n<meta name=\"twitter:card\" content=\"summary_large_image\" \/>\n<meta name=\"twitter:label1\" content=\"Estimated reading time\" \/>\n\t<meta name=\"twitter:data1\" content=\"3 minutes\" \/>\n<script type=\"application\/ld+json\" class=\"yoast-schema-graph\">{\"@context\":\"https:\/\/schema.org\",\"@graph\":[{\"@type\":\"WebPage\",\"@id\":\"https:\/\/bfandino.com\/aviso-legal\/\",\"url\":\"https:\/\/bfandino.com\/aviso-legal\/\",\"name\":\"Aviso Legal | B.Fandi\u00f1o\",\"isPartOf\":{\"@id\":\"https:\/\/bfandino.com\/#website\"},\"datePublished\":\"2023-05-15T11:52:52+00:00\",\"dateModified\":\"2023-05-15T11:53:12+00:00\",\"breadcrumb\":{\"@id\":\"https:\/\/bfandino.com\/aviso-legal\/#breadcrumb\"},\"inLanguage\":\"en-GB\",\"potentialAction\":[{\"@type\":\"ReadAction\",\"target\":[\"https:\/\/bfandino.com\/aviso-legal\/\"]}]},{\"@type\":\"BreadcrumbList\",\"@id\":\"https:\/\/bfandino.com\/aviso-legal\/#breadcrumb\",\"itemListElement\":[{\"@type\":\"ListItem\",\"position\":1,\"name\":\"Portada\",\"item\":\"https:\/\/bfandino.com\/\"},{\"@type\":\"ListItem\",\"position\":2,\"name\":\"Aviso Legal\"}]},{\"@type\":\"WebSite\",\"@id\":\"https:\/\/bfandino.com\/#website\",\"url\":\"https:\/\/bfandino.com\/\",\"name\":\"Fandi\u00f1o | Materiales de Construcci\u00f3n\",\"description\":\"Renovamos tu ba\u00f1o y cocina en Cee, A Coru\u00f1a\",\"publisher\":{\"@id\":\"https:\/\/bfandino.com\/#organization\"},\"potentialAction\":[{\"@type\":\"SearchAction\",\"target\":{\"@type\":\"EntryPoint\",\"urlTemplate\":\"https:\/\/bfandino.com\/?s={search_term_string}\"},\"query-input\":{\"@type\":\"PropertyValueSpecification\",\"valueRequired\":true,\"valueName\":\"search_term_string\"}}],\"inLanguage\":\"en-GB\"},{\"@type\":\"Organization\",\"@id\":\"https:\/\/bfandino.com\/#organization\",\"name\":\"Fandi\u00f1o | Materiales de Construcci\u00f3n\",\"url\":\"https:\/\/bfandino.com\/\",\"logo\":{\"@type\":\"ImageObject\",\"inLanguage\":\"en-GB\",\"@id\":\"https:\/\/bfandino.com\/#\/schema\/logo\/image\/\",\"url\":\"https:\/\/bfandino.com\/wp-content\/uploads\/2023\/04\/logo-bfandino-2x.png\",\"contentUrl\":\"https:\/\/bfandino.com\/wp-content\/uploads\/2023\/04\/logo-bfandino-2x.png\",\"width\":391,\"height\":178,\"caption\":\"Fandi\u00f1o | Materiales de Construcci\u00f3n\"},\"image\":{\"@id\":\"https:\/\/bfandino.com\/#\/schema\/logo\/image\/\"},\"sameAs\":[\"https:\/\/www.facebook.com\/fandino01011915\"]}]}<\/script>\n<!-- \/ Yoast SEO plugin. -->","yoast_head_json":{"title":"Aviso Legal | B.Fandi\u00f1o","robots":{"index":"noindex","follow":"follow"},"og_locale":"en_GB","og_type":"article","og_title":"Aviso Legal | B.Fandi\u00f1o","og_url":"https:\/\/bfandino.com\/en\/aviso-legal\/","og_site_name":"B.Fandi\u00f1o","article_publisher":"https:\/\/www.facebook.com\/fandino01011915","article_modified_time":"2023-05-15T11:53:12+00:00","twitter_card":"summary_large_image","twitter_misc":{"Estimated reading time":"3 minutes"},"schema":{"@context":"https:\/\/schema.org","@graph":[{"@type":"WebPage","@id":"https:\/\/bfandino.com\/aviso-legal\/","url":"https:\/\/bfandino.com\/aviso-legal\/","name":"Aviso Legal | B.Fandi\u00f1o","isPartOf":{"@id":"https:\/\/bfandino.com\/#website"},"datePublished":"2023-05-15T11:52:52+00:00","dateModified":"2023-05-15T11:53:12+00:00","breadcrumb":{"@id":"https:\/\/bfandino.com\/aviso-legal\/#breadcrumb"},"inLanguage":"en-GB","potentialAction":[{"@type":"ReadAction","target":["https:\/\/bfandino.com\/aviso-legal\/"]}]},{"@type":"BreadcrumbList","@id":"https:\/\/bfandino.com\/aviso-legal\/#breadcrumb","itemListElement":[{"@type":"ListItem","position":1,"name":"Portada","item":"https:\/\/bfandino.com\/"},{"@type":"ListItem","position":2,"name":"Aviso Legal"}]},{"@type":"WebSite","@id":"https:\/\/bfandino.com\/#website","url":"https:\/\/bfandino.com\/","name":"Fandi\u00f1o | Materiales de Construcci\u00f3n","description":"Renovamos tu ba\u00f1o y cocina en Cee, A Coru\u00f1a","publisher":{"@id":"https:\/\/bfandino.com\/#organization"},"potentialAction":[{"@type":"SearchAction","target":{"@type":"EntryPoint","urlTemplate":"https:\/\/bfandino.com\/?s={search_term_string}"},"query-input":{"@type":"PropertyValueSpecification","valueRequired":true,"valueName":"search_term_string"}}],"inLanguage":"en-GB"},{"@type":"Organization","@id":"https:\/\/bfandino.com\/#organization","name":"Fandi\u00f1o | Materiales de Construcci\u00f3n","url":"https:\/\/bfandino.com\/","logo":{"@type":"ImageObject","inLanguage":"en-GB","@id":"https:\/\/bfandino.com\/#\/schema\/logo\/image\/","url":"https:\/\/bfandino.com\/wp-content\/uploads\/2023\/04\/logo-bfandino-2x.png","contentUrl":"https:\/\/bfandino.com\/wp-content\/uploads\/2023\/04\/logo-bfandino-2x.png","width":391,"height":178,"caption":"Fandi\u00f1o | Materiales de Construcci\u00f3n"},"image":{"@id":"https:\/\/bfandino.com\/#\/schema\/logo\/image\/"},"sameAs":["https:\/\/www.facebook.com\/fandino01011915"]}]}},"_links":{"self":[{"href":"https:\/\/bfandino.com\/en\/wp-json\/wp\/v2\/pages\/2454","targetHints":{"allow":["GET"]}}],"collection":[{"href":"https:\/\/bfandino.com\/en\/wp-json\/wp\/v2\/pages"}],"about":[{"href":"https:\/\/bfandino.com\/en\/wp-json\/wp\/v2\/types\/page"}],"author":[{"embeddable":true,"href":"https:\/\/bfandino.com\/en\/wp-json\/wp\/v2\/users\/1"}],"replies":[{"embeddable":true,"href":"https:\/\/bfandino.com\/en\/wp-json\/wp\/v2\/comments?post=2454"}],"version-history":[{"count":2,"href":"https:\/\/bfandino.com\/en\/wp-json\/wp\/v2\/pages\/2454\/revisions"}],"predecessor-version":[{"id":2456,"href":"https:\/\/bfandino.com\/en\/wp-json\/wp\/v2\/pages\/2454\/revisions\/2456"}],"wp:attachment":[{"href":"https:\/\/bfandino.com\/en\/wp-json\/wp\/v2\/media?parent=2454"}],"curies":[{"name":"wp","href":"https:\/\/api.w.org\/{rel}","templated":true}]}}